{"id":892,"date":"2025-04-07T13:20:59","date_gmt":"2025-04-07T13:20:59","guid":{"rendered":"https:\/\/fenix3d.eu\/?post_type=product&#038;p=892"},"modified":"2026-02-04T19:20:49","modified_gmt":"2026-02-04T19:20:49","slug":"formfutura-luvocom-3f-peek-cf-9676","status":"publish","type":"product","link":"https:\/\/fenix3d.eu\/nl\/prd\/formfutura-luvocom-3f-peek-cf-9676\/","title":{"rendered":"FormFutura LUVOCOM 3F PEEK CF 9676"},"content":{"rendered":"<p>Luvocom 3F PEEK CF 9676 is een koolstofvezelversterkt PEEK (Polyether Ether Ketone) 3D-printerfilament. De <a href=\"\/?product_tag=koolstof-vezel\">koolstofvezels<\/a> in Luvocom 3F PEEK CF 9676-filament verbeteren de stijfheid en druksterkte-eigenschappen van 3D-geprinte onderdelen aanzienlijk.<\/p>\n<p>Het materiaal ontsluit industri\u00eble 3D-printtoepassingen in verschillende industrie\u00ebn, zoals lucht- en ruimtevaart, medisch, olie &amp; gas, energie, marine en automotive. In deze industrie\u00ebn kan het worden gebruikt om onderdelen te produceren die traditionele metalen en composietonderdelen kunnen vervangen.<\/p>\n<p>Onderdelen die met Luvocom 3F PEEK CF 9676-filament in 3D zijn geprint, zijn geschikt voor gebruik in toepassingen die worden blootgesteld aan kortstondige bedrijfstemperaturen tot 280\u00b0C en continue bedrijfstemperaturen tot 250\u00b0C.<\/p>\n<p>Luvocom 3F PEEK CF 9676 filament is geschikt voor het 3D-printen van dynamisch belaste onderdelen, chemisch en hydrolytisch bestendige onderdelen, niet-ontvlambare onderdelen en toepassingen waarbij een inherente vlamvertraging met lage rook- en giftige gasemissies vereist is.<\/p>\n<h2>Belangrijkste kenmerken:<\/h2>\n<ul>\n<li>Lehvoss Luvocom 3F PEEK CF 9676 BK binnenin<\/li>\n<li>Geschikt voor toepassingen met een continue bedrijfstemperatuur van 250\u00b0C<\/li>\n<li>Korte termijn bedrijfstemperatuur van 280\u00b0C (gedurende de levensduur max. 200 uur)<\/li>\n<li>Warmteafbuigingstemperatuur van 280\u00b0C<\/li>\n<li>Zeer hoge sterkte en stijfheid (ook in Z-richting)<\/li>\n<li>Uitstekende mechanische eigenschappen<\/li>\n<li>Niet ontvlambaar<\/li>\n<li>Uitzonderlijke chemische bestendigheidseigenschappen<\/li>\n<\/ul>\n<h2>Toepassingen:<\/h2>\n<ul>\n<li>Dynamisch gespannen onderdelen<\/li>\n<li>Zeer chemisch bestendige onderdelen<\/li>\n<li>Hydrolytisch-resistente onderdelen<\/li>\n<li>Lucht- en ruimtevaarttoepassingen<\/li>\n<li>Automobiel<\/li>\n<\/ul>\n<h2>De PAEK-familie:<\/h2>\n<p>PolyArylEtherKetone (PAEK) is een familie van semi-kristallijne high performance thermoplasten die worden gekenmerkt door een hoge mechanische sterkte en uitstekende bestendigheid tegen temperatuur, chemicali\u00ebn en slijtage.<br \/>\nDe meest gebruikte leden van de PAEK thermoplast familie zijn:<\/p>\n<ul>\n<li>Polyetheretherketon (PEEK)<\/li>\n<li>Polyetherketonketon (PEKK)<\/li>\n<li>Polyetherketon (PEK)<\/li>\n<li>Polyetherketon\u00a0EtherketonKeton\u00a0\u00a0(\u00a0PEKEKK)<\/li>\n<li>PolyEtherEtherKetonKeton\u00a0\u00a0(\u00a0PEEKK)<\/li>\n<\/ul>\n","protected":false},"excerpt":{"rendered":"<p>Luvocom 3F PEEK CF 9676 is een van de best presterende PEEK 3D-printerfilamenten met koolstofvezelversterking, waarmee PEEK-onderdelen met een verbeterde stijfheid en druksterkte in 3D kunnen worden geprint.<\/p>\n","protected":false},"featured_media":11072,"comment_status":"closed","ping_status":"closed","template":"","meta":{"_acf_changed":false},"product_brand":[399],"product_cat":[278],"product_tag":[314,315],"class_list":{"0":"post-892","1":"product","2":"type-product","3":"status-publish","4":"has-post-thumbnail","6":"product_brand-formfutura","7":"product_cat-278","8":"product_tag-koolstof-vezel","9":"product_tag-vezel-versterkt","11":"first","12":"instock","13":"taxable","14":"shipping-taxable","15":"purchasable","16":"product-type-simple"},"acf":[],"_links":{"self":[{"href":"https:\/\/fenix3d.eu\/nl\/wp-json\/wp\/v2\/product\/892","targetHints":{"allow":["GET"]}}],"collection":[{"href":"https:\/\/fenix3d.eu\/nl\/wp-json\/wp\/v2\/product"}],"about":[{"href":"https:\/\/fenix3d.eu\/nl\/wp-json\/wp\/v2\/types\/product"}],"replies":[{"embeddable":true,"href":"https:\/\/fenix3d.eu\/nl\/wp-json\/wp\/v2\/comments?post=892"}],"wp:featuredmedia":[{"embeddable":true,"href":"https:\/\/fenix3d.eu\/nl\/wp-json\/wp\/v2\/media\/11072"}],"wp:attachment":[{"href":"https:\/\/fenix3d.eu\/nl\/wp-json\/wp\/v2\/media?parent=892"}],"wp:term":[{"taxonomy":"product_brand","embeddable":true,"href":"https:\/\/fenix3d.eu\/nl\/wp-json\/wp\/v2\/product_brand?post=892"},{"taxonomy":"product_cat","embeddable":true,"href":"https:\/\/fenix3d.eu\/nl\/wp-json\/wp\/v2\/product_cat?post=892"},{"taxonomy":"product_tag","embeddable":true,"href":"https:\/\/fenix3d.eu\/nl\/wp-json\/wp\/v2\/product_tag?post=892"}],"curies":[{"name":"wp","href":"https:\/\/api.w.org\/{rel}","templated":true}]}}